{"id":1842,"date":"2021-02-19T17:49:36","date_gmt":"2021-02-19T16:49:36","guid":{"rendered":"http:\/\/shop.bulldogpress.com\/?page_id=1842"},"modified":"2022-04-26T13:29:28","modified_gmt":"2022-04-26T11:29:28","slug":"agb-2","status":"publish","type":"page","link":"https:\/\/bulldogpress.de\/?page_id=1842","title":{"rendered":"AGB"},"content":{"rendered":"<p>[et_pb_section fb_built=&#8220;1&#8243; specialty=&#8220;on&#8220; custom_padding_last_edited=&#8220;off|phone&#8220; padding_top_1=&#8220;7vw&#8220; admin_label=&#8220;Header&#8220; _builder_version=&#8220;4.7.0&#8243; use_background_color_gradient=&#8220;on&#8220; background_color_gradient_start=&#8220;#2ea3f2&#8243; background_color_gradient_end=&#8220;rgba(255,255,255,0.1)&#8220; background_color_gradient_direction=&#8220;124deg&#8220; background_color_gradient_start_position=&#8220;30%&#8220; background_color_gradient_end_position=&#8220;90%&#8220; background_image=&#8220;http:\/\/shop.bulldogpress.com\/wp-content\/uploads\/2020\/11\/ebook-42-2.png&#8220; background_position=&#8220;top_left&#8220; inner_width=&#8220;100%&#8220; inner_max_width=&#8220;1280px&#8220; inner_module_alignment=&#8220;center&#8220; custom_padding=&#8220;||14px|||&#8220; custom_padding_tablet=&#8220;|10vw||&#8220; custom_padding_phone=&#8220;|||||false&#8220; inner_module_alignment_tablet=&#8220;right&#8220; inner_module_alignment_phone=&#8220;center&#8220; inner_module_alignment_last_edited=&#8220;on|phone&#8220; border_color_all=&#8220;#31d190&#8243; border_width_left=&#8220;10px&#8220; locked=&#8220;off&#8220; global_colors_info=&#8220;{}&#8220;][et_pb_column type=&#8220;1_2&#8243; _builder_version=&#8220;3.25&#8243; custom_padding=&#8220;|||&#8220; global_colors_info=&#8220;{}&#8220; custom_padding__hover=&#8220;|||&#8220;][et_pb_image src=&#8220;https:\/\/bulldogpress.de\/wp-content\/uploads\/2020\/11\/Logo-Bulldog-Press-s-w.png&#8220; title_text=&#8220;Logo-Bulldog-Press-s-w&#8220; _builder_version=&#8220;4.14.6&#8243; width=&#8220;50%&#8220; hover_enabled=&#8220;0&#8243; global_colors_info=&#8220;{}&#8220; sticky_enabled=&#8220;0&#8243;][\/et_pb_image][et_pb_text _builder_version=&#8220;4.7.0&#8243; text_font=&#8220;||||||||&#8220; text_text_color=&#8220;#000000&#8243; text_font_size=&#8220;18px&#8220; text_line_height=&#8220;1.8em&#8220; header_font=&#8220;Montserrat|700||on|||||&#8220; header_text_color=&#8220;#000000&#8243; header_font_size=&#8220;60px&#8220; header_line_height=&#8220;1.1em&#8220; module_alignment=&#8220;center&#8220; custom_margin=&#8220;||30px|||&#8220; text_font_size_tablet=&#8220;16px&#8220; text_font_size_phone=&#8220;14px&#8220; text_font_size_last_edited=&#8220;on|phone&#8220; text_line_height_tablet=&#8220;1.8em&#8220; text_line_height_phone=&#8220;1.7em&#8220; text_line_height_last_edited=&#8220;off|phone&#8220; header_font_size_tablet=&#8220;8vw&#8220; header_font_size_phone=&#8220;27px&#8220; header_font_size_last_edited=&#8220;on|phone&#8220; module_alignment_tablet=&#8220;&#8220; module_alignment_phone=&#8220;center&#8220; module_alignment_last_edited=&#8220;on|phone&#8220; global_colors_info=&#8220;{}&#8220;]<\/p>\n<h1>AGB<br \/> Bulldog press<\/h1>\n<p>[\/et_pb_text][et_pb_text _builder_version=&#8220;4.7.0&#8243; text_font=&#8220;Montserrat||||||||&#8220; text_font_size=&#8220;17px&#8220; global_colors_info=&#8220;{}&#8220;]<\/p>\n<p>IHR FACHBUCHVERLAG F\u00dcR TRAKTOR-, DAMPF-, LANDMASCHINEN- UND MOTORRADFREUNDE<\/p>\n<p>[\/et_pb_text][\/et_pb_column][et_pb_column type=&#8220;1_2&#8243; specialty_columns=&#8220;2&#8243; _builder_version=&#8220;3.25&#8243; custom_padding=&#8220;|||&#8220; global_colors_info=&#8220;{}&#8220; custom_padding__hover=&#8220;|||&#8220;][\/et_pb_column][\/et_pb_section][et_pb_section fb_built=&#8220;1&#8243; _builder_version=&#8220;4.1&#8243; global_colors_info=&#8220;{}&#8220;][et_pb_row use_custom_gutter=&#8220;on&#8220; make_equal=&#8220;on&#8220; _builder_version=&#8220;4.7.0&#8243; custom_margin=&#8220;|auto||296px||&#8220; module_alignment_tablet=&#8220;center&#8220; module_alignment_phone=&#8220;center&#8220; module_alignment_last_edited=&#8220;on|phone&#8220; global_colors_info=&#8220;{}&#8220;][et_pb_column type=&#8220;4_4&#8243; _builder_version=&#8220;4.1&#8243; global_colors_info=&#8220;{}&#8220;][et_pb_text _builder_version=&#8220;4.7.0&#8243; global_colors_info=&#8220;{}&#8220;]<\/p>\n<h1><strong>AGB BULLDOG PRESS Fachbuchverlag<\/strong><\/h1>\n<p>&nbsp;<\/p>\n<p><strong>01. Geltungsbereich<\/strong><br \/> 1.1 Die folgenden Allgemeinen Gesch\u00e4ftsbedingungen (AGB) gelten f\u00fcr alle Gesch\u00e4ftsbeziehungen zwischen dem Kunden und dem Fachbuchverlag BULLDOG PRESS, Robert Geyer, Burgschwalbacher Str. 40, 65558 Burgschwalbach (im Folgenden: BP). Ma\u00dfgeblich ist die jeweils zum Zeitpunkt des Vertragsschlusses g\u00fcltige Fassung dieser AGB. Der Einbeziehung eigener Bedingungen des Kunden wird hiermit widersprochen, es sei denn, es ist etwas anderes vereinbart.<br \/> 1.2 Kunden im Sinne dieser AGB k\u00f6nnen sowohl Verbraucher, als auch Unternehmer sein.<br \/> 1.3 Verbraucher im Sinne der AGB ist entsprechend \u00a7 13 BGB jede nat\u00fcrliche Person, die ein Rechtsgesch\u00e4ft mit BP zu einem Zweck abschlie\u00dft, der \u00fcberwiegend weder ihrer gewerblichen noch ihrer selbstst\u00e4ndigen beruflichen T\u00e4tigkeit zugerechnet werden kann.<br \/> 1.4 Unternehmer im Sinne der AGB ist entsprechend \u00a7 14 BGB eine nat\u00fcrliche oder juristische Person oder eine rechtsf\u00e4hige Personengesellschaft, die bei Abschluss eines Rechtsgesch\u00e4fts mit BP in Aus\u00fcbung ihrer gewerblichen oder selbstst\u00e4ndigen beruflichen T\u00e4tigkeit handelt. Eine rechtsf\u00e4hige Personengesellschaft ist eine Personengesellschaft, die mit der F\u00e4higkeit ausgestattet ist, Rechte zu erwerben und Verbindlichkeiten einzugehen. Als Unternehmer in diesem Sinne gilt auch ein Kunde, der ein \u00f6ffentliches Sonderverm\u00f6gen darstellt.<br \/> 02. Vertragsschluss<br \/> Die im Online Angebot von BP enthaltenen Produktbeschreibungen stellen keine verbindlichen Angebote von BP dar. Der Kunde hingegen kann durch Nutzung des Online-Bestellformulars ein verbindliches Angebot auf Abschluss eines Kaufvertrages abgeben. Bei der Bestellung \u00fcber das Online-Bestellformular, kann der Kunde zun\u00e4chst die gew\u00fcnschten Artikel in den Warenkorb legen. Nachdem die Waren in den Warenkorb gelegt worden sind, kann der Kunde den Warenkorb anklicken und dort die Bestellung \u00fcber das Bestellformular abschlie\u00dfen nachdem er zuvor die Versandart gew\u00e4hlt hat. BP kann das Vertragsangebot des Kunden durch eine schriftliche oder elektronisch \u00fcbermittelte Auftragsbest\u00e4tigung oder durch Lieferung der Ware annehmen. Der Vertragsschluss erfolgt daher durch Angebot des Kunden und Annahme dieses Angebotes durch BP. Der Vertragsschluss steht ausschlie\u00dflich in deutscher Sprache zur Verf\u00fcgung. Der Vertragstext wird von BP nicht gespeichert und kann daher vom Kunden nicht abgerufen werden.<\/p>\n<p>&nbsp;<\/p>\n<p><strong>03. Preise und Zahlung<\/strong><br \/> 3.1 Alle Preise verstehen sich in Euro inklusive der gesetzlichen Mehrwertsteuer der Bundesrepublik Deutschland.<br \/> 3.2 F\u00fcr den Kunden gilt der im Zeitpunkt der Bestellung bzw. des Vertragsschlusses g\u00fcltige, angezeigte Preis.<br \/> 3.3 Derzeit sind folgende Zahlweisen m\u00f6glich: per Rechnung (In diesem Fall ist der Rechnungsbetrag innerhalb von 14 Werktagen nach Erhalt der Rechnung zu bezahlen).<\/p>\n<p>&nbsp;<\/p>\n<p><strong>04. Liefer- und Leistungszeit<\/strong><br \/> H\u00f6here Gewalt, Krieg, Terrorismus, Terrorismusverdacht, Aufruhr, Streik, Aussperrung, St\u00f6rung der Rohstoff und Energieversorgung oder andere Ereignisse, die BP trotz Anwendung zumutbarer Sorgfalt nicht abwenden kann und die Erbringung der Leistung verhindern, befreien BP von der Liefer- und Leistungsverpflichtung f\u00fcr die jeweilige Dauer dieser st\u00f6renden Ereignisse.<\/p>\n<p>&nbsp;<\/p>\n<p><strong>05. Widerrufsbelehrung f\u00fcr Verbraucher gem. Ziff. 1.3 dieser AGB<\/strong><br \/> Widerrufsrecht<br \/> Der Kunde hat das Recht, binnen vierzehn Tagen ohne Angabe von Gr\u00fcnden diesen Vertrag zu widerrufen. Die Widerrufsfrist betr\u00e4gt vierzehn Tage ab dem Tag an dem er oder ein von ihm benannter Dritter, der nicht der Bef\u00f6rderer ist, die Waren in Besitz genommen haben bzw. hat. Um das Widerrufsrecht auszu\u00fcben, muss der Kunde an<br \/> BULLDOG PRESS, Robert Geyer, Burgschwalbacher Stra\u00dfe 40, 65558 Burgschwalbach<br \/> E-Mail: info@bulldogpress.de \/ Telefon: 06430 \u2013 30033 \/ Fax: 06430 &#8211; 30037<br \/> mittels einer eindeutigen Erkl\u00e4rung (z.B. ein mit der Post versandter Brief, Telefax oder E-Mail) \u00fcber seinen Entschluss, diesen Vertrag zu widerrufen, informieren.<br \/> Zur Wahrung der Widerrufsfrist reicht es aus, dass die Mitteilung \u00fcber die Aus\u00fcbung des Widerrufsrechts vor Ablauf der Widerrufsfrist abgesendet wird.<br \/> Folgen des Widerrufs<br \/> Wenn dieser Vertrag widerrufen wird, hat BP alle Zahlungen, die der Verlag vom Kunden erhalten hat, einschlie\u00dflich der Lieferkosten (mit Ausnahme der zus\u00e4tzlichen Kosten, die sich daraus ergeben, dass er eine andere Art der Lieferung als die von BP angebotene, g\u00fcnstige Standardlieferung gew\u00e4hlt hat), unverz\u00fcglich und sp\u00e4testens binnen vierzehn Tagen ab dem Tag zur\u00fcckzuzahlen, an dem die Mitteilung \u00fcber den Widerruf dieses Vertrags bei BP eingegangen ist. F\u00fcr diese R\u00fcckzahlung verwendet BP dasselbe Zahlungsmittel, das der Kunde bei der urspr\u00fcnglichen Transaktion eingesetzt hat, es sei denn, dass ausdr\u00fccklich etwas anderes vereinbart wurde. In keinem Fall werden dem Kunden wegen dieser R\u00fcckzahlung Entgelte berechnet.<br \/> BP kann die R\u00fcckzahlung verweigern, bis die Waren wieder zur\u00fcckgesendet worden sind oder bis der Kunde den Nachweis erbracht hat, dass er die Waren zur\u00fcckgesandt hat, je nachdem, welches der fr\u00fchere Zeitpunkt ist.<br \/> Der Kunde hat die Waren unverz\u00fcglich und in jedem Fall sp\u00e4testens binnen vierzehn Tagen ab dem Tag, an dem er BP \u00fcber den Widerruf dieses Vertrages unterrichtet hat, an den Verlag zur\u00fcckzusenden oder zu \u00fcbergeben. Die Frist ist gewahrt, wenn die Waren vor Ablauf der Frist von vierzehn Tagen abgesendet worden sind.<br \/> Der Kunde tr\u00e4gt die unmittelbaren Kosten der R\u00fccksendung.<br \/> Er muss f\u00fcr einen etwaigen Wertverlust der Waren nur aufkommen, wenn dieser Wertverlust auf einen zur Pr\u00fcfung der Beschaffenheit, Eigenschaften und Funktionsweise der Waren nicht notwendigen Umgang mit ihm zur\u00fcckzuf\u00fchren ist.<br \/> 06. Versandart<br \/> Der Versand erfolgt nach Wahl von BP, wenn beim Vertragsschluss keine besondere Versandart mit dem Kunden vereinbart worden ist.<\/p>\n<p>&nbsp;<\/p>\n<p><strong>07. M\u00e4ngelr\u00fcge und Gew\u00e4hrleistung<\/strong><br \/> 7.1 Es gelten die gesetzlichen Gew\u00e4hrleistungsbestimmungen, welche wie folgt beschr\u00e4nkt werden.<br \/> 7.2 Ist der Kauf f\u00fcr beide Teile ein Handelsgesch\u00e4ft, so hat der Kunde die Ware unverz\u00fcglich nach Erhalt, soweit dies nach dem ordnungsgem\u00e4\u00dfen Gesch\u00e4ftsgang tunlich ist, zu untersuchen und, wenn sich ein Mangel zeigt, BP unverz\u00fcglich Anzeige zu machen. Unterl\u00e4sst der Kunde diese Anzeige, so gilt die Ware als genehmigt, es sei denn, es handelt sich um einen Mangel, der bei der Untersuchung nicht erkennbar war. Im \u00dcbrigen gelten die \u00a7\u00a7 377 ff. HGB. Die Gew\u00e4hrleistungsfrist f\u00fcr Neuwaren betr\u00e4gt bei beiderseitigen Handelsgesch\u00e4ften 1 Jahr, M\u00e4ngelanspr\u00fcche bei Gebrauchtwaren bestehen nicht.<\/p>\n<p>&nbsp;<\/p>\n<p><strong>08. Haftungsbeschr\u00e4nkung<\/strong><br \/> BP haftet grunds\u00e4tzlich nur bei Vorsatz und grober Fahrl\u00e4ssigkeit. BP haftet ferner auch bei der fahrl\u00e4ssigen Verletzung von Pflichten, wenn dadurch eine Verletzung des Lebens, des K\u00f6rpers oder der Gesundheit entstanden oder eine Garantie oder Anspr\u00fcche aus Produkthaftungsgesetz betroffen sind. BP haftet ferner auch bei der fahrl\u00e4ssigen Verletzung von Pflichten, deren Erf\u00fcllung die ordnungsgem\u00e4\u00dfe Durchf\u00fchrung des Vertrages \u00fcberhaupt erst erm\u00f6glicht, deren Verletzung die Erreichung des Vertragszweckes gef\u00e4hrdet und auf deren Einhaltung der Nutzer regelm\u00e4\u00dfig vertraut. Im letztgenannten Fall haftet BP jedoch nicht auf nicht vorhersehbaren, nicht vertragstypischen Schaden. BP haftet nicht bei leicht fahrl\u00e4ssiger Verletzung anderer Pflichten. Vorstehende Haftungsbeschr\u00e4nkungen gelten auch f\u00fcr Erf\u00fcllungsgehilfen von BP.<br \/> 09. Eigentumsvorbehalt<br \/> Die gelieferte Ware bleibt bis zur vollst\u00e4ndigen Bezahlung im Eigentum von BP.<\/p>\n<p>&nbsp;<\/p>\n<p><strong>10. Datenschutz<\/strong><br \/> Die f\u00fcr die Gesch\u00e4ftsabwicklung notwendigen Daten werden gespeichert.<br \/> 10.1 Nutzung und Weitergabe personenbezogener Daten. Soweit der Kunde BP personenbezogene Daten zur Verf\u00fcgung gestellt hat, verwendet der Verlag diese nur zur Beantwortung von Anfragen des Kunden, zur Abwicklung mit dem Kunden geschlossener Vertr\u00e4ge und f\u00fcr die technische Administration. Personenbezogene Daten werden von BP an Dritte nur weitergegeben oder sonst \u00fcbermittelt, wenn dies zum Zwecke der Vertragsabwicklung oder zu Abrechnungszwecken erforderlich ist oder der Kunde zuvor eingewilligt hat. Der Kunde hat das Recht, eine erteilte Einwilligung mit Wirkung f\u00fcr die Zukunft jederzeit zu widerrufen.<br \/> 10.2 Die L\u00f6schung der gespeicherten personenbezogenen Daten erfolgt, wenn der Kunde die Einwilligung zur Speicherung widerruft oder wenn ihre Speicherung aus sonstigen gesetzlichen Gr\u00fcnden unzul\u00e4ssig ist. Daten f\u00fcr Abrechnungszwecke und buchhalterische Zwecke werden von einem L\u00f6schungsverlangen nicht ber\u00fchrt.<br \/> 10.3 Auskunftsrecht. Auf schriftliche Anfrage informiert BP den Kunden \u00fcber die zu seiner Person gespeicherten Daten. Die Anfrage ist zu richten an:<br \/> BULLDOG PRESS, Robert Geyer, Burgschwalbacher Stra\u00dfe 40, 65558 Burgschwalbach<br \/> 10.4 Sicherheitshinweis bei E-Mail-Nutzung. Bei der Kommunikation per E-Mail kann die vollst\u00e4ndige Datensicherheit von BP nicht gew\u00e4hrleistet werden, so dass BP bei vertraulichen Informationen den Postweg empfiehlt.<br \/> <strong>11. Schlussbestimmungen<\/strong><br \/> 11.1 F\u00fcr s\u00e4mtliche Rechtsbeziehungen der Parteien gilt das Recht der Bundesrepublik Deutschland unter Ausschluss der Gesetze \u00fcber den internationalen Kauf beweglicher Waren. Bei Verbrauchern gilt diese Rechtswahl nur insoweit, als nicht der gew\u00e4hrte Schutz durch zwingende Bestimmungen des Rechts des Staates, in dem der Verbraucher seinen gew\u00f6hnlichen Aufenthalt hat, entzogen wird.<br \/> 11.2 Ausschlie\u00dflicher Gerichtsstand f\u00fcr alle Streitigkeiten aus dem Vertragsverh\u00e4ltnis zwischen dem Kunden und BP ist, soweit der Kunde Kaufmann ist, der Sitz von BP.<br \/> 11.3 Sollten einzelne Klauseln dieser Gesch\u00e4ftsbedingungen ganz oder teilweise unwirksam sein, ber\u00fchrt das die Wirksamkeit der \u00fcbrigen Klauseln nicht.<\/p>\n<p>[\/et_pb_text][et_pb_divider _builder_version=&#8220;4.7.0&#8243; _module_preset=&#8220;default&#8220; global_colors_info=&#8220;{}&#8220;][\/et_pb_divider][et_pb_text _builder_version=&#8220;4.7.0&#8243; global_colors_info=&#8220;{}&#8220;]<\/p>\n<h1>Disclaimer<\/h1>\n<p><strong>1. Content<\/strong><br \/> The author reserves the right not to be responsible for the topicality, correctness, completeness or quality of the information provided. Liability claims regarding damage caused by the use of any information provided, including any kind of information which is incomplete or incorrect,will therefore be rejected.<br \/> All offers are not-binding and without obligation. Parts of the pages or the complete publication including all offers and information might be extended, changed or partly or completely deleted by the author without separate announcement.<\/p>\n<p><strong>2. Referrals and links<\/strong><br \/> The author is not responsible for any contents linked or referred to from his pages &#8211; unless he has full knowledge of illegal contents and would be able to prevent the visitors of his site from viewing those pages. If any damage occurs by the use of information presented there, only the author of the respective pages might be liable, not the one who has linked to these pages. Furthermore the author is not liable for any postings or messages published by users of discussion boards, guestbooks or mailinglists provided on his page.<\/p>\n<p><strong>3. Copyright<\/strong><br \/> The author intended not to use any copyrighted material for the publication or, if not possible, to indicatethe copyright of the respective object.<br \/> The copyright for any material created by the author is reserved. Any duplication or use of objects such as diagrams, sounds or texts in other electronic or printed publications is not permitted withoutthe author&#8217;s agreement.<\/p>\n<p><strong>4. Privacy policy<\/strong><br \/> If the opportunity for the input of personal or business data (email addresses, name, addresses) is given, the input of these data takes place voluntarily. The use and payment of all offered services are permitted &#8211; if and so far technically possible and reasonable &#8211; without specification of any personal data or under specification of anonymized data or an alias. The use of published postal addresses, telefone or fax numbers and email addresses for marketing purposes is prohibited, offenders sending unwanted spam messages will be punished.<\/p>\n<p> <strong>5. Legal validity of this disclaimer<\/strong><br \/> This disclaimer is to be regarded as part of the internet publication which you were referred from. If sections or individual terms of this statement are not legal or correct, the content or validity of the other parts remain uninfluenced by this fact.<\/p>\n<p>[\/et_pb_text][\/et_pb_column][\/et_pb_row][\/et_pb_section]<\/p>\n","protected":false},"excerpt":{"rendered":"<p>AGB Bulldog pressIHR FACHBUCHVERLAG F\u00dcR TRAKTOR-, DAMPF-, LANDMASCHINEN- UND MOTORRADFREUNDEAGB BULLDOG PRESS Fachbuchverlag &nbsp; 01. Geltungsbereich 1.1 Die folgenden Allgemeinen Gesch\u00e4ftsbedingungen (AGB) gelten f\u00fcr alle Gesch\u00e4ftsbeziehungen zwischen dem Kunden und dem Fachbuchverlag BULLDOG PRESS, Robert Geyer, Burgschwalbacher Str. 40, 65558 Burgschwalbach (im Folgenden: BP). Ma\u00dfgeblich ist die jeweils zum Zeitpunkt des Vertragsschlusses g\u00fcltige Fassung dieser [&hellip;]<\/p>\n","protected":false},"author":1,"featured_media":0,"parent":0,"menu_order":0,"comment_status":"closed","ping_status":"closed","template":"","meta":{"_et_pb_use_builder":"on","_et_pb_old_content":"","_et_gb_content_width":"","footnotes":""},"class_list":["post-1842","page","type-page","status-publish","hentry"],"_links":{"self":[{"href":"https:\/\/bulldogpress.de\/index.php?rest_route=\/wp\/v2\/pages\/1842","targetHints":{"allow":["GET"]}}],"collection":[{"href":"https:\/\/bulldogpress.de\/index.php?rest_route=\/wp\/v2\/pages"}],"about":[{"href":"https:\/\/bulldogpress.de\/index.php?rest_route=\/wp\/v2\/types\/page"}],"author":[{"embeddable":true,"href":"https:\/\/bulldogpress.de\/index.php?rest_route=\/wp\/v2\/users\/1"}],"replies":[{"embeddable":true,"href":"https:\/\/bulldogpress.de\/index.php?rest_route=%2Fwp%2Fv2%2Fcomments&post=1842"}],"version-history":[{"count":8,"href":"https:\/\/bulldogpress.de\/index.php?rest_route=\/wp\/v2\/pages\/1842\/revisions"}],"predecessor-version":[{"id":2210,"href":"https:\/\/bulldogpress.de\/index.php?rest_route=\/wp\/v2\/pages\/1842\/revisions\/2210"}],"wp:attachment":[{"href":"https:\/\/bulldogpress.de\/index.php?rest_route=%2Fwp%2Fv2%2Fmedia&parent=1842"}],"curies":[{"name":"wp","href":"https:\/\/api.w.org\/{rel}","templated":true}]}}