{"id":926,"date":"2020-11-10T01:51:45","date_gmt":"2020-11-10T00:51:45","guid":{"rendered":"http:\/\/shop.bulldogpress.com\/?page_id=926"},"modified":"2022-04-26T13:30:33","modified_gmt":"2022-04-26T11:30:33","slug":"kontakt","status":"publish","type":"page","link":"https:\/\/bulldogpress.de\/?page_id=926","title":{"rendered":"Kontakt"},"content":{"rendered":"<p>[et_pb_section fb_built=&#8220;1&#8243; specialty=&#8220;on&#8220; custom_padding_last_edited=&#8220;off|phone&#8220; padding_top_1=&#8220;7vw&#8220; admin_label=&#8220;Header&#8220; _builder_version=&#8220;4.1&#8243; use_background_color_gradient=&#8220;on&#8220; background_color_gradient_start=&#8220;#2ea3f2&#8243; background_color_gradient_end=&#8220;rgba(255,255,255,0.1)&#8220; background_color_gradient_direction=&#8220;124deg&#8220; background_color_gradient_start_position=&#8220;30%&#8220; background_color_gradient_end_position=&#8220;90%&#8220; background_image=&#8220;http:\/\/shop.bulldogpress.com\/wp-content\/uploads\/2020\/11\/ebook-42-2.png&#8220; background_position=&#8220;top_left&#8220; inner_width=&#8220;80%&#8220; inner_max_width=&#8220;1280px&#8220; custom_padding_tablet=&#8220;|10vw||&#8220; custom_padding_phone=&#8220;|||||false&#8220; border_color_all=&#8220;#31d190&#8243; border_width_left=&#8220;10px&#8220; locked=&#8220;off&#8220; global_colors_info=&#8220;{}&#8220;][et_pb_column type=&#8220;1_2&#8243; _builder_version=&#8220;3.25&#8243; custom_padding=&#8220;|||&#8220; global_colors_info=&#8220;{}&#8220; custom_padding__hover=&#8220;|||&#8220;][et_pb_image src=&#8220;https:\/\/bulldogpress.de\/wp-content\/uploads\/2021\/07\/bulldog-favi.png&#8220; title_text=&#8220;bulldog-favi&#8220; _builder_version=&#8220;4.14.6&#8243; width=&#8220;50%&#8220; hover_enabled=&#8220;0&#8243; global_colors_info=&#8220;{}&#8220; sticky_enabled=&#8220;0&#8243;][\/et_pb_image][et_pb_text _builder_version=&#8220;4.7.0&#8243; text_font=&#8220;||||||||&#8220; text_text_color=&#8220;#000000&#8243; text_font_size=&#8220;18px&#8220; text_line_height=&#8220;1.8em&#8220; header_font=&#8220;Montserrat|700||on|||||&#8220; header_text_color=&#8220;#000000&#8243; header_font_size=&#8220;3.9vw&#8220; header_line_height=&#8220;1.1em&#8220; custom_margin=&#8220;||30px|||&#8220; text_font_size_tablet=&#8220;16px&#8220; text_font_size_phone=&#8220;14px&#8220; text_font_size_last_edited=&#8220;on|phone&#8220; text_line_height_tablet=&#8220;1.8em&#8220; text_line_height_phone=&#8220;1.7em&#8220; text_line_height_last_edited=&#8220;off|phone&#8220; header_font_size_tablet=&#8220;8vw&#8220; header_font_size_phone=&#8220;10vw&#8220; header_font_size_last_edited=&#8220;on|phone&#8220; global_colors_info=&#8220;{}&#8220;]<\/p>\n<h1>Kontakt<br \/> Bulldog press<\/h1>\n<p>IHR FACHBUCHVERLAG F\u00dcR TRAKTOR-, DAMPF-, LANDMASCHINEN- UND MOTORRADFREUNDE<\/p>\n<p>[\/et_pb_text][\/et_pb_column][et_pb_column type=&#8220;1_2&#8243; specialty_columns=&#8220;2&#8243; _builder_version=&#8220;3.25&#8243; custom_padding=&#8220;|||&#8220; global_colors_info=&#8220;{}&#8220; custom_padding__hover=&#8220;|||&#8220;][et_pb_row_inner custom_padding_last_edited=&#8220;on|phone&#8220; _builder_version=&#8220;3.25&#8243; background_color=&#8220;#ffffff&#8220; custom_margin=&#8220;40px|||||&#8220; custom_margin_tablet=&#8220;0px|||&#8220; custom_margin_phone=&#8220;&#8220; custom_margin_last_edited=&#8220;on|desktop&#8220; custom_padding=&#8220;|40px||40px||true&#8220; custom_padding_tablet=&#8220;&#8220; custom_padding_phone=&#8220;0px||0px|0px|true&#8220; box_shadow_style=&#8220;preset3&#8243; box_shadow_vertical=&#8220;40px&#8220; box_shadow_blur=&#8220;80px&#8220; box_shadow_spread=&#8220;-20px&#8220; box_shadow_color=&#8220;rgba(0,0,0,0.17)&#8220; global_colors_info=&#8220;{}&#8220;][et_pb_column_inner saved_specialty_column_type=&#8220;1_2&#8243; _builder_version=&#8220;3.25&#8243; custom_padding=&#8220;|||&#8220; global_colors_info=&#8220;{}&#8220; custom_padding__hover=&#8220;|||&#8220;][et_pb_blurb title=&#8220;Adresse&#8220; use_icon=&#8220;on&#8220; font_icon=&#8220;&#xe01d;||divi||400&#8243; icon_color=&#8220;#2ea3f2&#8243; icon_placement=&#8220;left&#8220; image_icon_width=&#8220;57px&#8220; content_max_width=&#8220;100%&#8220; image_icon_width_tablet=&#8220;57px&#8220; image_icon_width_phone=&#8220;57px&#8220; image_icon_width_last_edited=&#8220;on|desktop&#8220; _builder_version=&#8220;4.13.0&#8243; header_font=&#8220;Montserrat|700|||||||&#8220; header_font_size=&#8220;16px&#8220; header_line_height=&#8220;1.4em&#8220; body_font=&#8220;|700|||||||&#8220; body_line_height=&#8220;1.5em&#8220; body_link_font=&#8220;||||||||&#8220; body_link_text_color=&#8220;#31d190&#8243; background_color=&#8220;rgba(0,0,0,0)&#8220; custom_margin=&#8220;||0px&#8220; custom_padding=&#8220;27px||27px||true|false&#8220; animation=&#8220;off&#8220; box_shadow_horizontal_tablet=&#8220;&#8220; box_shadow_horizontal_phone=&#8220;60px&#8220; box_shadow_horizontal_last_edited=&#8220;on|desktop&#8220; icon_font_size=&#8220;57px&#8220; image_max_width_tablet=&#8220;&#8220; image_max_width_phone=&#8220;60px&#8220; image_max_width_last_edited=&#8220;on|desktop&#8220; global_colors_info=&#8220;{}&#8220;]<\/p>\n<p><span>Bulldog Press Fachbuchverlag,<br \/> Burgschwalbacher Stra\u00dfe 40,<br \/> 65558 Burgschwalbach<\/span><\/p>\n<p>[\/et_pb_blurb][et_pb_blurb title=&#8220;TELEFON \/ FAX&#8220; use_icon=&#8220;on&#8220; font_icon=&#8220;&#xe090;||divi||400&#8243; icon_color=&#8220;#2ea3f2&#8243; icon_placement=&#8220;left&#8220; image_icon_width=&#8220;57px&#8220; content_max_width=&#8220;100%&#8220; image_icon_width_tablet=&#8220;57px&#8220; image_icon_width_phone=&#8220;57px&#8220; image_icon_width_last_edited=&#8220;on|desktop&#8220; _builder_version=&#8220;4.13.0&#8243; header_font=&#8220;Montserrat|700|||||||&#8220; header_font_size=&#8220;16px&#8220; header_line_height=&#8220;1.4em&#8220; body_font=&#8220;|700|||||||&#8220; body_line_height=&#8220;1.5em&#8220; body_link_font=&#8220;||||||||&#8220; body_link_text_color=&#8220;#31d190&#8243; background_color=&#8220;rgba(0,0,0,0)&#8220; custom_margin=&#8220;||0px&#8220; custom_padding=&#8220;27px||27px||true|false&#8220; animation=&#8220;off&#8220; box_shadow_horizontal_tablet=&#8220;&#8220; box_shadow_horizontal_phone=&#8220;60px&#8220; box_shadow_horizontal_last_edited=&#8220;on|desktop&#8220; icon_font_size=&#8220;57px&#8220; image_max_width_tablet=&#8220;&#8220; image_max_width_phone=&#8220;60px&#8220; image_max_width_last_edited=&#8220;on|desktop&#8220; global_colors_info=&#8220;{}&#8220;]<\/p>\n<p><span>Telefon +49 (0) 6430 \/ 30033<br \/> <\/span><span>Fax +49 (0) 6430 \/ 30037<\/span><\/p>\n<p>[\/et_pb_blurb][et_pb_blurb title=&#8220;E-Mail&#8220; use_icon=&#8220;on&#8220; font_icon=&#8220;&#xe010;||divi||400&#8243; icon_color=&#8220;#2ea3f2&#8243; icon_placement=&#8220;left&#8220; image_icon_width=&#8220;57px&#8220; content_max_width=&#8220;100%&#8220; image_icon_width_tablet=&#8220;57px&#8220; image_icon_width_phone=&#8220;57px&#8220; image_icon_width_last_edited=&#8220;on|desktop&#8220; _builder_version=&#8220;4.14.6&#8243; header_font=&#8220;Montserrat|700|||||||&#8220; header_font_size=&#8220;16px&#8220; header_line_height=&#8220;1.4em&#8220; body_font=&#8220;|700|||||||&#8220; body_line_height=&#8220;1.5em&#8220; body_link_font=&#8220;||||||||&#8220; body_link_text_color=&#8220;#31d190&#8243; background_color=&#8220;rgba(0,0,0,0)&#8220; custom_margin=&#8220;||0px&#8220; custom_padding=&#8220;27px||27px||true|false&#8220; animation=&#8220;off&#8220; box_shadow_horizontal_tablet=&#8220;&#8220; box_shadow_horizontal_phone=&#8220;60px&#8220; box_shadow_horizontal_last_edited=&#8220;on|desktop&#8220; icon_font_size=&#8220;57px&#8220; image_max_width_tablet=&#8220;&#8220; image_max_width_phone=&#8220;60px&#8220; image_max_width_last_edited=&#8220;on|desktop&#8220; global_colors_info=&#8220;{}&#8220;]<\/p>\n<p><a href=\"mailto:info@bulldogpress.de\">info@bulldogpress.de<\/a><\/p>\n<p>[\/et_pb_blurb][\/et_pb_column_inner][\/et_pb_row_inner][\/et_pb_column][\/et_pb_section][et_pb_section fb_built=&#8220;1&#8243; admin_label=&#8220;Message&#8220; _builder_version=&#8220;3.23&#8243; background_image=&#8220;http:\/\/shop.bulldogpress.com\/wp-content\/uploads\/2020\/11\/ebook-41.png&#8220; custom_padding=&#8220;19px|||||&#8220; border_color_all=&#8220;#000000&#8243; border_width_right=&#8220;10px&#8220; global_colors_info=&#8220;{}&#8220;][et_pb_row column_structure=&#8220;1_4,3_4&#8243; _builder_version=&#8220;4.1&#8243; max_width=&#8220;1280px&#8220; locked=&#8220;off&#8220; global_colors_info=&#8220;{}&#8220;][et_pb_column type=&#8220;1_4&#8243; _builder_version=&#8220;3.25&#8243; custom_padding=&#8220;|||&#8220; global_colors_info=&#8220;{}&#8220; custom_padding__hover=&#8220;|||&#8220;][\/et_pb_column][et_pb_column type=&#8220;3_4&#8243; _builder_version=&#8220;4.1&#8243; global_colors_info=&#8220;{}&#8220;][et_pb_image src=&#8220;https:\/\/bulldogpress.de\/wp-content\/uploads\/2020\/09\/bplogo.gif&#8220; title_text=&#8220;bplogo&#8220; _builder_version=&#8220;4.14.6&#8243; always_center_on_mobile=&#8220;off&#8220; global_colors_info=&#8220;{}&#8220;][\/et_pb_image][et_pb_text _builder_version=&#8220;4.7.0&#8243; header_font=&#8220;||||||||&#8220; header_2_font=&#8220;Montserrat|700||on|||||&#8220; header_2_text_color=&#8220;#000000&#8243; header_2_font_size=&#8220;60px&#8220; header_2_line_height=&#8220;1.2em&#8220; header_2_font_size_tablet=&#8220;40px&#8220; header_2_font_size_phone=&#8220;25px&#8220; header_2_font_size_last_edited=&#8220;on|desktop&#8220; locked=&#8220;off&#8220; global_colors_info=&#8220;{}&#8220;]<\/p>\n<h2>Kontaktformular<\/h2>\n<p>[\/et_pb_text][et_pb_contact_form email=&#8220;info@bulldogpress.de&#8220; custom_message=&#8220;Sie haben eine Nachricht \u00fcber das Kontaktformular bei bulldogpress.de erhalten:||et_pb_line_break_holder||||et_pb_line_break_holder||Name: %%Name%%,||et_pb_line_break_holder||E-Mail-Adresse: %%Email%%,||et_pb_line_break_holder||Nachricht: %%Nachricht%% ||et_pb_line_break_holder||&#8220; success_message=&#8220;Ihre Nachricht wurde erfolgreich versendet.Wir danken f\u00fcr Ihr Interesse und werden uns zum n\u00e4chstm\u00f6glichen Termin mit Ihnen in Verbindung setzen. Vielen Dank!&#8220; submit_button_text=&#8220;Senden&#8220; _builder_version=&#8220;4.14.6&#8243; _unique_id=&#8220;47de5265-b2fa-483f-b37c-9d84fcfde8fc&#8220; form_field_background_color=&#8220;rgba(0,0,0,0)&#8220; title_level=&#8220;h2&#8243; title_font=&#8220;Montserrat|800||on|||||&#8220; title_font_size=&#8220;60px&#8220; form_field_font=&#8220;|600|||||||&#8220; form_field_font_size=&#8220;16px&#8220; form_field_line_height=&#8220;1.8em&#8220; custom_button=&#8220;on&#8220; button_text_size=&#8220;16px&#8220; button_text_color=&#8220;#ffffff&#8220; button_bg_color=&#8220;#2ea3f2&#8243; button_border_width=&#8220;10px&#8220; button_border_color=&#8220;rgba(0,0,0,0)&#8220; button_border_radius=&#8220;0px&#8220; button_font=&#8220;Montserrat|700|||||||&#8220; button_use_icon=&#8220;off&#8220; max_width_tablet=&#8220;&#8220; max_width_phone=&#8220;&#8220; max_width_last_edited=&#8220;on|desktop&#8220; custom_margin=&#8220;|||&#8220; custom_margin_tablet=&#8220;0vw|||&#8220; custom_margin_phone=&#8220;0vw|||&#8220; custom_margin_last_edited=&#8220;off|desktop&#8220; custom_padding_tablet=&#8220;200px|||&#8220; custom_padding_phone=&#8220;150px|||&#8220; custom_padding_last_edited=&#8220;off|desktop&#8220; animation_direction=&#8220;right&#8220; title_font_size_tablet=&#8220;30px&#8220; title_font_size_phone=&#8220;22px&#8220; title_font_size_last_edited=&#8220;on|desktop&#8220; border_width_all=&#8220;2px&#8220; border_color_all=&#8220;rgba(51,51,51,0.13)&#8220; global_colors_info=&#8220;{}&#8220; button_text_size__hover_enabled=&#8220;off&#8220; button_text_color__hover_enabled=&#8220;off&#8220; button_bg_color__hover_enabled=&#8220;off&#8220; button_border_width__hover_enabled=&#8220;off&#8220; button_border_color__hover_enabled=&#8220;off&#8220; button_border_radius__hover_enabled=&#8220;off&#8220; button_letter_spacing__hover_enabled=&#8220;off&#8220; animation_style__hover=&#8220;none&#8220; animation_style__hover_enabled=&#8220;none&#8220;][et_pb_contact_field field_id=&#8220;Name&#8220; field_title=&#8220;Name*&#8220; _builder_version=&#8220;4.7.0&#8243; global_colors_info=&#8220;{}&#8220; button_text_size__hover_enabled=&#8220;off&#8220; button_one_text_size__hover_enabled=&#8220;off&#8220; button_two_text_size__hover_enabled=&#8220;off&#8220; button_text_color__hover_enabled=&#8220;off&#8220; button_one_text_color__hover_enabled=&#8220;off&#8220; button_two_text_color__hover_enabled=&#8220;off&#8220; button_border_width__hover_enabled=&#8220;off&#8220; button_one_border_width__hover_enabled=&#8220;off&#8220; button_two_border_width__hover_enabled=&#8220;off&#8220; button_border_color__hover_enabled=&#8220;off&#8220; button_one_border_color__hover_enabled=&#8220;off&#8220; button_two_border_color__hover_enabled=&#8220;off&#8220; button_border_radius__hover_enabled=&#8220;off&#8220; button_one_border_radius__hover_enabled=&#8220;off&#8220; button_two_border_radius__hover_enabled=&#8220;off&#8220; button_letter_spacing__hover_enabled=&#8220;off&#8220; button_one_letter_spacing__hover_enabled=&#8220;off&#8220; button_two_letter_spacing__hover_enabled=&#8220;off&#8220; button_bg_color__hover_enabled=&#8220;off&#8220; button_one_bg_color__hover_enabled=&#8220;off&#8220; button_two_bg_color__hover_enabled=&#8220;off&#8220;][\/et_pb_contact_field][et_pb_contact_field field_id=&#8220;Email&#8220; field_title=&#8220;E-Mail Adresse*&#8220; field_type=&#8220;email&#8220; _builder_version=&#8220;4.7.0&#8243; global_colors_info=&#8220;{}&#8220; button_text_size__hover_enabled=&#8220;off&#8220; button_one_text_size__hover_enabled=&#8220;off&#8220; button_two_text_size__hover_enabled=&#8220;off&#8220; button_text_color__hover_enabled=&#8220;off&#8220; button_one_text_color__hover_enabled=&#8220;off&#8220; button_two_text_color__hover_enabled=&#8220;off&#8220; button_border_width__hover_enabled=&#8220;off&#8220; button_one_border_width__hover_enabled=&#8220;off&#8220; button_two_border_width__hover_enabled=&#8220;off&#8220; button_border_color__hover_enabled=&#8220;off&#8220; button_one_border_color__hover_enabled=&#8220;off&#8220; button_two_border_color__hover_enabled=&#8220;off&#8220; button_border_radius__hover_enabled=&#8220;off&#8220; button_one_border_radius__hover_enabled=&#8220;off&#8220; button_two_border_radius__hover_enabled=&#8220;off&#8220; button_letter_spacing__hover_enabled=&#8220;off&#8220; button_one_letter_spacing__hover_enabled=&#8220;off&#8220; button_two_letter_spacing__hover_enabled=&#8220;off&#8220; button_bg_color__hover_enabled=&#8220;off&#8220; button_one_bg_color__hover_enabled=&#8220;off&#8220; button_two_bg_color__hover_enabled=&#8220;off&#8220;][\/et_pb_contact_field][et_pb_contact_field field_id=&#8220;Nachricht&#8220; field_title=&#8220;Nachricht*&#8220; field_type=&#8220;text&#8220; fullwidth_field=&#8220;on&#8220; _builder_version=&#8220;4.7.0&#8243; global_colors_info=&#8220;{}&#8220; button_text_size__hover_enabled=&#8220;off&#8220; button_one_text_size__hover_enabled=&#8220;off&#8220; button_two_text_size__hover_enabled=&#8220;off&#8220; button_text_color__hover_enabled=&#8220;off&#8220; button_one_text_color__hover_enabled=&#8220;off&#8220; button_two_text_color__hover_enabled=&#8220;off&#8220; button_border_width__hover_enabled=&#8220;off&#8220; button_one_border_width__hover_enabled=&#8220;off&#8220; button_two_border_width__hover_enabled=&#8220;off&#8220; button_border_color__hover_enabled=&#8220;off&#8220; button_one_border_color__hover_enabled=&#8220;off&#8220; button_two_border_color__hover_enabled=&#8220;off&#8220; button_border_radius__hover_enabled=&#8220;off&#8220; button_one_border_radius__hover_enabled=&#8220;off&#8220; button_two_border_radius__hover_enabled=&#8220;off&#8220; button_letter_spacing__hover_enabled=&#8220;off&#8220; button_one_letter_spacing__hover_enabled=&#8220;off&#8220; button_two_letter_spacing__hover_enabled=&#8220;off&#8220; button_bg_color__hover_enabled=&#8220;off&#8220; button_one_bg_color__hover_enabled=&#8220;off&#8220; button_two_bg_color__hover_enabled=&#8220;off&#8220;][\/et_pb_contact_field][\/et_pb_contact_form][\/et_pb_column][\/et_pb_row][\/et_pb_section]<\/p>\n","protected":false},"excerpt":{"rendered":"<p>Kontakt Bulldog press IHR FACHBUCHVERLAG F\u00dcR TRAKTOR-, DAMPF-, LANDMASCHINEN- UND MOTORRADFREUNDEBulldog Press Fachbuchverlag, Burgschwalbacher Stra\u00dfe 40, 65558 BurgschwalbachTelefon +49 (0) 6430 \/ 30033 Fax +49 (0) 6430 \/ 30037info@bulldogpress.deKontaktformular<\/p>\n","protected":false},"author":1,"featured_media":0,"parent":0,"menu_order":0,"comment_status":"closed","ping_status":"closed","template":"","meta":{"_et_pb_use_builder":"on","_et_pb_old_content":"","_et_gb_content_width":"","footnotes":""},"class_list":["post-926","page","type-page","status-publish","hentry"],"_links":{"self":[{"href":"https:\/\/bulldogpress.de\/index.php?rest_route=\/wp\/v2\/pages\/926","targetHints":{"allow":["GET"]}}],"collection":[{"href":"https:\/\/bulldogpress.de\/index.php?rest_route=\/wp\/v2\/pages"}],"about":[{"href":"https:\/\/bulldogpress.de\/index.php?rest_route=\/wp\/v2\/types\/page"}],"author":[{"embeddable":true,"href":"https:\/\/bulldogpress.de\/index.php?rest_route=\/wp\/v2\/users\/1"}],"replies":[{"embeddable":true,"href":"https:\/\/bulldogpress.de\/index.php?rest_route=%2Fwp%2Fv2%2Fcomments&post=926"}],"version-history":[{"count":31,"href":"https:\/\/bulldogpress.de\/index.php?rest_route=\/wp\/v2\/pages\/926\/revisions"}],"predecessor-version":[{"id":2212,"href":"https:\/\/bulldogpress.de\/index.php?rest_route=\/wp\/v2\/pages\/926\/revisions\/2212"}],"wp:attachment":[{"href":"https:\/\/bulldogpress.de\/index.php?rest_route=%2Fwp%2Fv2%2Fmedia&parent=926"}],"curies":[{"name":"wp","href":"https:\/\/api.w.org\/{rel}","templated":true}]}}