{"id":1489,"date":"2021-02-03T17:49:16","date_gmt":"2021-02-03T16:49:16","guid":{"rendered":"http:\/\/shop.bulldogpress.com\/?post_type=product&#038;p=1489"},"modified":"2022-04-26T23:40:47","modified_gmt":"2022-04-26T21:40:47","slug":"zigarttenbilder","status":"publish","type":"product","link":"https:\/\/bulldogpress.de\/?product=zigarttenbilder","title":{"rendered":"Zigarettenbilderalbum von 1935"},"content":{"rendered":"<p>[et_pb_section fb_built=&#8220;1&#8243; _builder_version=&#8220;3.22&#8243; custom_padding=&#8220;0px||||false|false&#8220; global_colors_info=&#8220;{}&#8220;][et_pb_row _builder_version=&#8220;3.25&#8243; background_size=&#8220;initial&#8220; background_position=&#8220;top_left&#8220; background_repeat=&#8220;repeat&#8220; width=&#8220;100%&#8220; custom_padding=&#8220;0px||0px||false|false&#8220; global_colors_info=&#8220;{}&#8220;][et_pb_column type=&#8220;4_4&#8243; _builder_version=&#8220;3.25&#8243; custom_padding=&#8220;|||&#8220; global_colors_info=&#8220;{}&#8220; custom_padding__hover=&#8220;|||&#8220;][et_pb_wc_breadcrumb _builder_version=&#8220;3.0.47&#8243; global_colors_info=&#8220;{}&#8220;][\/et_pb_wc_breadcrumb][et_pb_wc_cart_notice global_colors_info=&#8220;{}&#8220;][\/et_pb_wc_cart_notice][\/et_pb_column][\/et_pb_row][et_pb_row column_structure=&#8220;1_2,1_2&#8243; _builder_version=&#8220;3.25&#8243; background_size=&#8220;initial&#8220; background_position=&#8220;top_left&#8220; background_repeat=&#8220;repeat&#8220; width=&#8220;100%&#8220; custom_padding=&#8220;0px||||false|false&#8220; global_colors_info=&#8220;{}&#8220;][et_pb_column type=&#8220;1_2&#8243; _builder_version=&#8220;3.25&#8243; custom_padding=&#8220;|||&#8220; global_colors_info=&#8220;{}&#8220; custom_padding__hover=&#8220;|||&#8220;][et_pb_wc_images sale_badge_color=&#8220;#2ea3f2&#8243; _builder_version=&#8220;4.1&#8243; global_colors_info=&#8220;{}&#8220;][\/et_pb_wc_images][\/et_pb_column][et_pb_column type=&#8220;1_2&#8243; _builder_version=&#8220;3.25&#8243; custom_padding=&#8220;|||&#8220; global_colors_info=&#8220;{}&#8220; custom_padding__hover=&#8220;|||&#8220;][et_pb_wc_title _builder_version=&#8220;3.0.47&#8243; global_colors_info=&#8220;{}&#8220;][\/et_pb_wc_title][et_pb_wc_rating _builder_version=&#8220;3.0.47&#8243; global_colors_info=&#8220;{}&#8220;][\/et_pb_wc_rating][et_pb_wc_price _builder_version=&#8220;3.0.47&#8243; global_colors_info=&#8220;{}&#8220;][\/et_pb_wc_price][et_pb_wc_description _builder_version=&#8220;3.0.47&#8243; global_colors_info=&#8220;{}&#8220;][\/et_pb_wc_description][et_pb_wc_add_to_cart global_colors_info=&#8220;{}&#8220;][\/et_pb_wc_add_to_cart][et_pb_wc_meta _builder_version=&#8220;3.0.47&#8243; custom_padding=&#8220;14px|||||&#8220; global_colors_info=&#8220;{}&#8220;][\/et_pb_wc_meta][\/et_pb_column][\/et_pb_row][et_pb_row column_structure=&#8220;1_3,1_3,1_3&#8243; _builder_version=&#8220;4.7.0&#8243; _module_preset=&#8220;default&#8220; global_colors_info=&#8220;{}&#8220;][et_pb_column type=&#8220;1_3&#8243; _builder_version=&#8220;4.7.0&#8243; _module_preset=&#8220;default&#8220; global_colors_info=&#8220;{}&#8220;][et_pb_image src=&#8220;https:\/\/bulldogpress.de\/wp-content\/uploads\/2021\/02\/Die_Saecke_fuellen_sich.jpg&#8220; title_text=&#8220;Die_Saecke_fuellen_sich&#8220; show_in_lightbox=&#8220;on&#8220; _builder_version=&#8220;4.14.6&#8243; _module_preset=&#8220;default&#8220; hover_enabled=&#8220;0&#8243; global_colors_info=&#8220;{}&#8220; sticky_enabled=&#8220;0&#8243;][\/et_pb_image][\/et_pb_column][et_pb_column type=&#8220;1_3&#8243; _builder_version=&#8220;4.7.0&#8243; _module_preset=&#8220;default&#8220; global_colors_info=&#8220;{}&#8220;][et_pb_image src=&#8220;https:\/\/bulldogpress.de\/wp-content\/uploads\/2021\/02\/Der_Selbstbinder.jpg&#8220; title_text=&#8220;Der_Selbstbinder&#8220; show_in_lightbox=&#8220;on&#8220; _builder_version=&#8220;4.14.6&#8243; _module_preset=&#8220;default&#8220; hover_enabled=&#8220;0&#8243; global_colors_info=&#8220;{}&#8220; sticky_enabled=&#8220;0&#8243;][\/et_pb_image][\/et_pb_column][et_pb_column type=&#8220;1_3&#8243; _builder_version=&#8220;4.7.0&#8243; _module_preset=&#8220;default&#8220; global_colors_info=&#8220;{}&#8220;][et_pb_image src=&#8220;https:\/\/bulldogpress.de\/wp-content\/uploads\/2021\/02\/Dreschen.jpg&#8220; title_text=&#8220;Dreschen&#8220; show_in_lightbox=&#8220;on&#8220; _builder_version=&#8220;4.14.6&#8243; _module_preset=&#8220;default&#8220; hover_enabled=&#8220;0&#8243; global_colors_info=&#8220;{}&#8220; sticky_enabled=&#8220;0&#8243;][\/et_pb_image][\/et_pb_column][\/et_pb_row][et_pb_row _builder_version=&#8220;3.25&#8243; background_size=&#8220;initial&#8220; background_position=&#8220;top_left&#8220; background_repeat=&#8220;repeat&#8220; width=&#8220;100%&#8220; global_colors_info=&#8220;{}&#8220;][et_pb_column type=&#8220;4_4&#8243; _builder_version=&#8220;3.25&#8243; custom_padding=&#8220;|||&#8220; global_colors_info=&#8220;{}&#8220; custom_padding__hover=&#8220;|||&#8220;][et_pb_wc_tabs _builder_version=&#8220;3.0.47&#8243; global_colors_info=&#8220;{}&#8220;]\t\t\t\t\t[\/et_pb_wc_tabs][et_pb_wc_upsells _builder_version=&#8220;3.0.47&#8243; global_colors_info=&#8220;{}&#8220;][\/et_pb_wc_upsells][et_pb_wc_related_products _builder_version=&#8220;3.0.47&#8243; global_colors_info=&#8220;{}&#8220;][\/et_pb_wc_related_products][\/et_pb_column][\/et_pb_row][\/et_pb_section]<\/p>\n","protected":false},"excerpt":{"rendered":"<p>Zigarettenbilderalbum Auf deutscher Scholle<\/p>\n<p>Mit umfangreichem Textteil.<\/p>\n","protected":false},"featured_media":1493,"comment_status":"open","ping_status":"closed","template":"","meta":{"_et_pb_use_builder":"on","_et_pb_old_content":"<strong>Aus unserem Archiv:<\/strong> Mit 270 Bildern aus der Landwirtschaft von verschiedenen Zigarettenfirmen wie Eckstein, Juno, Salem, Haus Bergmann usw., die um das Jahr 1935 in den Schachteln enthalten waren. Durch diese Sammelbilder wird eine Zeitreise \u00fcber die Landwirtschaft im gesamten Deutschen Reich vor dem 2. WK dokumentiert. Themen sind u.a. Feldbearbeitung mit Lanz-Bulldogs, Ernte, Handwerk usw.\r\nDie Alben sind in gutem altersgem\u00e4\u00dfem Zustand, also \u00fcber 80 Jahre alt, und komplett.","_et_gb_content_width":""},"product_brand":[],"product_cat":[32],"product_tag":[],"class_list":{"0":"post-1489","1":"product","2":"type-product","3":"status-publish","4":"has-post-thumbnail","6":"product_cat-zigarettenbilderalbum","8":"first","9":"instock","10":"shipping-taxable","11":"purchasable","12":"product-type-simple"},"_links":{"self":[{"href":"https:\/\/bulldogpress.de\/index.php?rest_route=\/wp\/v2\/product\/1489","targetHints":{"allow":["GET"]}}],"collection":[{"href":"https:\/\/bulldogpress.de\/index.php?rest_route=\/wp\/v2\/product"}],"about":[{"href":"https:\/\/bulldogpress.de\/index.php?rest_route=\/wp\/v2\/types\/product"}],"replies":[{"embeddable":true,"href":"https:\/\/bulldogpress.de\/index.php?rest_route=%2Fwp%2Fv2%2Fcomments&post=1489"}],"wp:featuredmedia":[{"embeddable":true,"href":"https:\/\/bulldogpress.de\/index.php?rest_route=\/wp\/v2\/media\/1493"}],"wp:attachment":[{"href":"https:\/\/bulldogpress.de\/index.php?rest_route=%2Fwp%2Fv2%2Fmedia&parent=1489"}],"wp:term":[{"taxonomy":"product_brand","embeddable":true,"href":"https:\/\/bulldogpress.de\/index.php?rest_route=%2Fwp%2Fv2%2Fproduct_brand&post=1489"},{"taxonomy":"product_cat","embeddable":true,"href":"https:\/\/bulldogpress.de\/index.php?rest_route=%2Fwp%2Fv2%2Fproduct_cat&post=1489"},{"taxonomy":"product_tag","embeddable":true,"href":"https:\/\/bulldogpress.de\/index.php?rest_route=%2Fwp%2Fv2%2Fproduct_tag&post=1489"}],"curies":[{"name":"wp","href":"https:\/\/api.w.org\/{rel}","templated":true}]}}