{"id":258,"date":"2020-08-15T16:16:16","date_gmt":"2020-08-15T14:16:16","guid":{"rendered":"http:\/\/shop.bulldogpress.com\/?post_type=product&#038;p=258"},"modified":"2022-08-22T04:18:49","modified_gmt":"2022-08-22T02:18:49","slug":"lanz-neu","status":"publish","type":"product","link":"https:\/\/bulldogpress.de\/?product=lanz-neu","title":{"rendered":"LANZ Dreschmaschinen nach 1925"},"content":{"rendered":"<p>[et_pb_section fb_built=&#8220;1&#8243; _builder_version=&#8220;3.22&#8243; custom_padding=&#8220;0px||||false|false&#8220; global_colors_info=&#8220;{}&#8220;][et_pb_row _builder_version=&#8220;3.25&#8243; background_size=&#8220;initial&#8220; background_position=&#8220;top_left&#8220; background_repeat=&#8220;repeat&#8220; width=&#8220;100%&#8220; custom_padding=&#8220;0px||0px||false|false&#8220; global_colors_info=&#8220;{}&#8220;][et_pb_column type=&#8220;4_4&#8243; _builder_version=&#8220;3.25&#8243; custom_padding=&#8220;|||&#8220; global_colors_info=&#8220;{}&#8220; custom_padding__hover=&#8220;|||&#8220;][et_pb_wc_breadcrumb _builder_version=&#8220;3.0.47&#8243; global_colors_info=&#8220;{}&#8220;][\/et_pb_wc_breadcrumb][et_pb_wc_cart_notice global_colors_info=&#8220;{}&#8220;][\/et_pb_wc_cart_notice][\/et_pb_column][\/et_pb_row][et_pb_row column_structure=&#8220;1_2,1_2&#8243; _builder_version=&#8220;3.25&#8243; background_size=&#8220;initial&#8220; background_position=&#8220;top_left&#8220; background_repeat=&#8220;repeat&#8220; width=&#8220;100%&#8220; custom_padding=&#8220;0px||||false|false&#8220; global_colors_info=&#8220;{}&#8220;][et_pb_column type=&#8220;1_2&#8243; _builder_version=&#8220;3.25&#8243; custom_padding=&#8220;|||&#8220; global_colors_info=&#8220;{}&#8220; custom_padding__hover=&#8220;|||&#8220;][et_pb_wc_images _builder_version=&#8220;3.0.47&#8243; global_colors_info=&#8220;{}&#8220;][\/et_pb_wc_images][\/et_pb_column][et_pb_column type=&#8220;1_2&#8243; _builder_version=&#8220;4.1&#8243; global_colors_info=&#8220;{}&#8220;][et_pb_wc_title _builder_version=&#8220;3.0.47&#8243; global_colors_info=&#8220;{}&#8220;][\/et_pb_wc_title][et_pb_wc_rating _builder_version=&#8220;3.0.47&#8243; global_colors_info=&#8220;{}&#8220;][\/et_pb_wc_rating][et_pb_wc_price _builder_version=&#8220;3.0.47&#8243; global_colors_info=&#8220;{}&#8220;][\/et_pb_wc_price][et_pb_wc_description _builder_version=&#8220;3.0.47&#8243; global_colors_info=&#8220;{}&#8220;][\/et_pb_wc_description][et_pb_wc_add_to_cart global_colors_info=&#8220;{}&#8220;][\/et_pb_wc_add_to_cart][et_pb_wc_meta _builder_version=&#8220;3.0.47&#8243; global_colors_info=&#8220;{}&#8220;][\/et_pb_wc_meta][et_pb_button button_url=&#8220;http:\/\/bulldogpress.de\/wp-content\/uploads\/2020\/11\/Lanz_Dreschmaschinen_nach1925.pdf&#8220; url_new_window=&#8220;on&#8220; button_text=&#8220;BUCH &#8211; INHALT&#8220; button_alignment=&#8220;left&#8220; _builder_version=&#8220;4.14.6&#8243; custom_button=&#8220;on&#8220; button_text_size=&#8220;17px&#8220; button_bg_color=&#8220;rgba(214,214,214,0.54)&#8220; button_border_width=&#8220;0px&#8220; custom_padding=&#8220;1px|||||&#8220; animation_style=&#8220;slide&#8220; animation_direction=&#8220;left&#8220; animation_intensity_slide=&#8220;71%&#8220; hover_enabled=&#8220;0&#8243; global_colors_info=&#8220;{}&#8220; sticky_enabled=&#8220;0&#8243;][\/et_pb_button][\/et_pb_column][\/et_pb_row][et_pb_row _builder_version=&#8220;3.25&#8243; background_size=&#8220;initial&#8220; background_position=&#8220;top_left&#8220; background_repeat=&#8220;repeat&#8220; width=&#8220;100%&#8220; global_colors_info=&#8220;{}&#8220;][et_pb_column type=&#8220;4_4&#8243; _builder_version=&#8220;3.25&#8243; custom_padding=&#8220;|||&#8220; global_colors_info=&#8220;{}&#8220; custom_padding__hover=&#8220;|||&#8220;][et_pb_wc_tabs _builder_version=&#8220;3.0.47&#8243; global_colors_info=&#8220;{}&#8220;]\t\t\t\t\t[\/et_pb_wc_tabs][et_pb_wc_upsells _builder_version=&#8220;3.0.47&#8243; global_colors_info=&#8220;{}&#8220;][\/et_pb_wc_upsells][et_pb_wc_related_products _builder_version=&#8220;3.0.47&#8243; global_colors_info=&#8220;{}&#8220;][\/et_pb_wc_related_products][\/et_pb_column][\/et_pb_row][\/et_pb_section]<\/p>\n","protected":false},"excerpt":{"rendered":"<p>Auf 300 Seiten (Gro\u00dfformat DIN A4) mit 250 teils farbigen Abbildungen und 3 Falttafeln werden \u00fcber 120 LANZ-Dreschmaschinen (oft sehr detailliert) beschrieben.<\/p>\n","protected":false},"featured_media":489,"comment_status":"open","ping_status":"closed","template":"","meta":{"_et_pb_use_builder":"on","_et_pb_old_content":"Der Autor und Dreschmaschinenspezialist Willi Pl\u00f6chl hat die nach 1925 er-zeugten Maschinen in der ihm eigenen, \u00e4u\u00dferst akribischen Art, eingehend stu-diert, und das Resultat liegt in diesem Buch (Gewicht: \u00fcber 1,6 kg) vor.\r\nEs werden nicht nur Dreschmaschinen nach 1925 vorgestellt, sondern etliche vor 1925 gebaute Exemplare. Dies liegt darin begr\u00fcndet, dass manches Modell (fast) unver\u00e4ndert \u00fcber einen l\u00e4ngeren Zeitraum gefertigt wurde. Au\u00dfer Dreschmaschinen finden sich auch Darstellungen und Beschreibungen einiger dazugeh\u00f6riger Pressen wieder. Zum Vergleich der Konstruktionsmerkmale werden die Produkte weiterer Hersteller vorgestellt und abgebildet: Epple-Buxbaum, Esch-Werke, Fl\u00f6ther, Hofherr-Schrantz, IHC, Klinger, MAV, Raus-sendorff, Standardwerk, W\u00f6hrle, Wolf usw. und ihre Geschichte samt Entwicklung verfolgt.\r\nF\u00fcr den Dreschmaschinen-Sammler, -Modellbauer und -Liebhaber ein bisher einmaliges Werk und eine wahre Fundgrube!","_et_gb_content_width":""},"product_brand":[],"product_cat":[18],"product_tag":[],"class_list":{"0":"post-258","1":"product","2":"type-product","3":"status-publish","4":"has-post-thumbnail","6":"product_cat-landmaschinen","8":"first","9":"instock","10":"shipping-taxable","11":"purchasable","12":"product-type-simple"},"_links":{"self":[{"href":"https:\/\/bulldogpress.de\/index.php?rest_route=\/wp\/v2\/product\/258","targetHints":{"allow":["GET"]}}],"collection":[{"href":"https:\/\/bulldogpress.de\/index.php?rest_route=\/wp\/v2\/product"}],"about":[{"href":"https:\/\/bulldogpress.de\/index.php?rest_route=\/wp\/v2\/types\/product"}],"replies":[{"embeddable":true,"href":"https:\/\/bulldogpress.de\/index.php?rest_route=%2Fwp%2Fv2%2Fcomments&post=258"}],"wp:featuredmedia":[{"embeddable":true,"href":"https:\/\/bulldogpress.de\/index.php?rest_route=\/wp\/v2\/media\/489"}],"wp:attachment":[{"href":"https:\/\/bulldogpress.de\/index.php?rest_route=%2Fwp%2Fv2%2Fmedia&parent=258"}],"wp:term":[{"taxonomy":"product_brand","embeddable":true,"href":"https:\/\/bulldogpress.de\/index.php?rest_route=%2Fwp%2Fv2%2Fproduct_brand&post=258"},{"taxonomy":"product_cat","embeddable":true,"href":"https:\/\/bulldogpress.de\/index.php?rest_route=%2Fwp%2Fv2%2Fproduct_cat&post=258"},{"taxonomy":"product_tag","embeddable":true,"href":"https:\/\/bulldogpress.de\/index.php?rest_route=%2Fwp%2Fv2%2Fproduct_tag&post=258"}],"curies":[{"name":"wp","href":"https:\/\/api.w.org\/{rel}","templated":true}]}}