{"id":805,"date":"2020-11-07T12:43:22","date_gmt":"2020-11-07T11:43:22","guid":{"rendered":"http:\/\/shop.bulldogpress.com\/?post_type=product&#038;p=805"},"modified":"2022-02-08T13:17:09","modified_gmt":"2022-02-08T12:17:09","slug":"handbuch-fuer-traktor-und-landmaschinenfreunde-3","status":"publish","type":"product","link":"https:\/\/bulldogpress.de\/?product=handbuch-fuer-traktor-und-landmaschinenfreunde-3","title":{"rendered":"Handbuch f\u00fcr Traktor- und Landmaschinenfreunde, Band 3"},"content":{"rendered":"<p>[et_pb_section fb_built=&#8220;1&#8243; _builder_version=&#8220;3.22&#8243; custom_padding=&#8220;0px||||false|false&#8220; global_colors_info=&#8220;{}&#8220;][et_pb_row _builder_version=&#8220;3.25&#8243; background_size=&#8220;initial&#8220; background_position=&#8220;top_left&#8220; background_repeat=&#8220;repeat&#8220; width=&#8220;100%&#8220; custom_padding=&#8220;0px||0px||false|false&#8220; global_colors_info=&#8220;{}&#8220;][et_pb_column type=&#8220;4_4&#8243; _builder_version=&#8220;3.25&#8243; custom_padding=&#8220;|||&#8220; global_colors_info=&#8220;{}&#8220; custom_padding__hover=&#8220;|||&#8220;][et_pb_wc_breadcrumb _builder_version=&#8220;3.0.47&#8243; global_colors_info=&#8220;{}&#8220;][\/et_pb_wc_breadcrumb][et_pb_wc_cart_notice global_colors_info=&#8220;{}&#8220;][\/et_pb_wc_cart_notice][\/et_pb_column][\/et_pb_row][et_pb_row column_structure=&#8220;1_2,1_2&#8243; _builder_version=&#8220;3.25&#8243; background_size=&#8220;initial&#8220; background_position=&#8220;top_left&#8220; background_repeat=&#8220;repeat&#8220; width=&#8220;100%&#8220; custom_padding=&#8220;0px||||false|false&#8220; global_colors_info=&#8220;{}&#8220;][et_pb_column type=&#8220;1_2&#8243; _builder_version=&#8220;3.25&#8243; custom_padding=&#8220;|||&#8220; global_colors_info=&#8220;{}&#8220; custom_padding__hover=&#8220;|||&#8220;][et_pb_wc_images _builder_version=&#8220;3.0.47&#8243; global_colors_info=&#8220;{}&#8220;][\/et_pb_wc_images][\/et_pb_column][et_pb_column type=&#8220;1_2&#8243; _builder_version=&#8220;4.1&#8243; global_colors_info=&#8220;{}&#8220;][et_pb_wc_title _builder_version=&#8220;3.0.47&#8243; global_colors_info=&#8220;{}&#8220;][\/et_pb_wc_title][et_pb_wc_rating _builder_version=&#8220;3.0.47&#8243; global_colors_info=&#8220;{}&#8220;][\/et_pb_wc_rating][et_pb_wc_price _builder_version=&#8220;3.0.47&#8243; global_colors_info=&#8220;{}&#8220;][\/et_pb_wc_price][et_pb_wc_description _builder_version=&#8220;3.0.47&#8243; global_colors_info=&#8220;{}&#8220;][\/et_pb_wc_description][et_pb_wc_add_to_cart global_colors_info=&#8220;{}&#8220;][\/et_pb_wc_add_to_cart][et_pb_wc_meta _builder_version=&#8220;3.0.47&#8243; global_colors_info=&#8220;{}&#8220;][\/et_pb_wc_meta][et_pb_button button_url=&#8220;http:\/\/bulldogpress.de\/wp-content\/uploads\/2020\/11\/handbuchband3.pdf&#8220; url_new_window=&#8220;on&#8220; button_text=&#8220;BUCH &#8211; INHALT&#8220; button_alignment=&#8220;left&#8220; _builder_version=&#8220;4.14.6&#8243; custom_button=&#8220;on&#8220; button_text_size=&#8220;17px&#8220; button_bg_color=&#8220;rgba(214,214,214,0.54)&#8220; button_border_width=&#8220;0px&#8220; custom_padding=&#8220;1px|||||&#8220; animation_style=&#8220;slide&#8220; animation_direction=&#8220;left&#8220; animation_intensity_slide=&#8220;71%&#8220; hover_enabled=&#8220;0&#8243; global_colors_info=&#8220;{}&#8220; sticky_enabled=&#8220;0&#8243;][\/et_pb_button][\/et_pb_column][\/et_pb_row][et_pb_row _builder_version=&#8220;3.25&#8243; background_size=&#8220;initial&#8220; background_position=&#8220;top_left&#8220; background_repeat=&#8220;repeat&#8220; width=&#8220;100%&#8220; global_colors_info=&#8220;{}&#8220;][et_pb_column type=&#8220;4_4&#8243; _builder_version=&#8220;3.25&#8243; custom_padding=&#8220;|||&#8220; global_colors_info=&#8220;{}&#8220; custom_padding__hover=&#8220;|||&#8220;][et_pb_wc_tabs _builder_version=&#8220;3.0.47&#8243; global_colors_info=&#8220;{}&#8220;]\t\t\t\t\t[\/et_pb_wc_tabs][et_pb_wc_upsells _builder_version=&#8220;3.0.47&#8243; global_colors_info=&#8220;{}&#8220;][\/et_pb_wc_upsells][et_pb_wc_related_products _builder_version=&#8220;3.0.47&#8243; global_colors_info=&#8220;{}&#8220;][\/et_pb_wc_related_products][\/et_pb_column][\/et_pb_row][\/et_pb_section]<\/p>\n","protected":false},"excerpt":{"rendered":"<p><strong>Band 3: Kunst, Museen, Sammlungen, Vergangene Zeiten, Veranstaltungen R. Geyer<\/strong><\/p>\n<p>Auf 384 Seiten mit ca. 900 meist farbigen Fotos \u00f6ffnen Museen und Sammlungen aus verschiedenen L\u00e4ndern ihre &#8222;Schatzkammern&#8220;. Der Modellbau, die Kunst, Fahrtberichte, Veranstaltungen, der Nachwuchs, die Feldarbeit fr\u00fcherer Tage, Magazine und Zeitschriften erg\u00e4nzen den Inhalt.<\/p>\n","protected":false},"featured_media":797,"comment_status":"open","ping_status":"closed","template":"","meta":{"_et_pb_use_builder":"on","_et_pb_old_content":"In diesem 3. Band der sehr erfolgreichen Buchreihe \u00f6ffnen auf 384 Seiten mit 800 (!) meist farbigen Fotos und Abbildungen Museen und Sammlungen aus verschiedenen L\u00e4ndern ihre \"Schatzkammer\". Das Buch bietet nicht nur eine enorme Menge an Informationen \u00fcber Museen und Sammlungen aus D\u00e4nemark, Deutschland, Niederlande, Norwegen, \u00d6sterreich, Schweiz, Tschechische Republik und Ungarn. Das Spektrum reicht von der umfangreichen Schraubenschl\u00fcssel- und S\u00e4maschinengewichtesammlung bis zum ber\u00fchmten Landwirtschaftsmuseum in G\u00f6d\u00f6ll\u00f6\/Ungarn. Sie werden \u00fcberrascht sein, welche Rarit\u00e4ten, die Sie noch nie gesehen haben, in gro\u00dfer Zahl vorhanden sind. Bewundern Sie die Werke von K\u00fcnstlern, die sich mit der Thematik Landwirtschaft in vielf\u00e4ltiger Weise auseinandersetzen und zwar in Form von\r\n- Gem\u00e4lden\/Zeichnungen auf Papier und dem Bulldog selbst - Metallskulpturen - Holz- und Metallarbeiten im Bereich Modellbau - Airbrush-Technik auf dem Zugfahrzeug usw.\r\nFachzeitschriften aus vielen L\u00e4ndern und unterschiedlichen Epochen sind mit den jeweiligen Bestelladressen und den Titelbl\u00e4ttern dargestellt. Erlebnisberichte von Alpen\u00fcberquerungen mit alten Zugfahrzeugen und Hobbyfahrten runden dieses interessante Buch ab. Den kleinen und kleinsten Fans unseres Hobbys sind eigene \"Kinderseiten\" gewidmet. In einem Bildteil findet man Fotos aus den Gebieten\r\n- Vergangene Zeiten, alte historische Aufnahmen vom Ernten und Dreschen - Interessante Gro\u00dfveranstaltungen.","_et_gb_content_width":""},"product_brand":[],"product_cat":[26],"product_tag":[],"class_list":{"0":"post-805","1":"product","2":"type-product","3":"status-publish","4":"has-post-thumbnail","6":"product_cat-handbuecher","8":"first","9":"instock","10":"shipping-taxable","11":"purchasable","12":"product-type-simple"},"_links":{"self":[{"href":"https:\/\/bulldogpress.de\/index.php?rest_route=\/wp\/v2\/product\/805","targetHints":{"allow":["GET"]}}],"collection":[{"href":"https:\/\/bulldogpress.de\/index.php?rest_route=\/wp\/v2\/product"}],"about":[{"href":"https:\/\/bulldogpress.de\/index.php?rest_route=\/wp\/v2\/types\/product"}],"replies":[{"embeddable":true,"href":"https:\/\/bulldogpress.de\/index.php?rest_route=%2Fwp%2Fv2%2Fcomments&post=805"}],"wp:featuredmedia":[{"embeddable":true,"href":"https:\/\/bulldogpress.de\/index.php?rest_route=\/wp\/v2\/media\/797"}],"wp:attachment":[{"href":"https:\/\/bulldogpress.de\/index.php?rest_route=%2Fwp%2Fv2%2Fmedia&parent=805"}],"wp:term":[{"taxonomy":"product_brand","embeddable":true,"href":"https:\/\/bulldogpress.de\/index.php?rest_route=%2Fwp%2Fv2%2Fproduct_brand&post=805"},{"taxonomy":"product_cat","embeddable":true,"href":"https:\/\/bulldogpress.de\/index.php?rest_route=%2Fwp%2Fv2%2Fproduct_cat&post=805"},{"taxonomy":"product_tag","embeddable":true,"href":"https:\/\/bulldogpress.de\/index.php?rest_route=%2Fwp%2Fv2%2Fproduct_tag&post=805"}],"curies":[{"name":"wp","href":"https:\/\/api.w.org\/{rel}","templated":true}]}}