{"id":822,"date":"2020-11-07T16:01:46","date_gmt":"2020-11-07T15:01:46","guid":{"rendered":"http:\/\/shop.bulldogpress.com\/?post_type=product&#038;p=822"},"modified":"2021-02-19T16:03:54","modified_gmt":"2021-02-19T15:03:54","slug":"der-kleine-bulldog-bubbub-geht-auf-reisen-teil-2","status":"publish","type":"product","link":"https:\/\/bulldogpress.de\/?product=der-kleine-bulldog-bubbub-geht-auf-reisen-teil-2","title":{"rendered":"Der kleine Bulldog Bubbub geht auf Reisen Teil 2"},"content":{"rendered":"<p>[et_pb_section fb_built=&#8220;1&#8243; _builder_version=&#8220;3.22&#8243; custom_padding=&#8220;0px||||false|false&#8220;][et_pb_row _builder_version=&#8220;3.25&#8243; background_size=&#8220;initial&#8220; background_position=&#8220;top_left&#8220; background_repeat=&#8220;repeat&#8220; width=&#8220;100%&#8220; custom_padding=&#8220;0px||0px||false|false&#8220;][et_pb_column type=&#8220;4_4&#8243; _builder_version=&#8220;3.25&#8243; custom_padding=&#8220;|||&#8220; custom_padding__hover=&#8220;|||&#8220;][et_pb_wc_breadcrumb _builder_version=&#8220;3.0.47&#8243;][\/et_pb_wc_breadcrumb][et_pb_wc_cart_notice _builder_version=&#8220;3.0.47&#8243;][\/et_pb_wc_cart_notice][\/et_pb_column][\/et_pb_row][et_pb_row column_structure=&#8220;1_2,1_2&#8243; _builder_version=&#8220;3.25&#8243; background_size=&#8220;initial&#8220; background_position=&#8220;top_left&#8220; background_repeat=&#8220;repeat&#8220; width=&#8220;100%&#8220; custom_padding=&#8220;0px||||false|false&#8220;][et_pb_column type=&#8220;1_2&#8243; _builder_version=&#8220;3.25&#8243; custom_padding=&#8220;|||&#8220; custom_padding__hover=&#8220;|||&#8220;][et_pb_wc_images _builder_version=&#8220;3.0.47&#8243;][\/et_pb_wc_images][\/et_pb_column][et_pb_column type=&#8220;1_2&#8243; _builder_version=&#8220;4.1&#8243;][et_pb_wc_title _builder_version=&#8220;3.0.47&#8243;][\/et_pb_wc_title][et_pb_wc_rating _builder_version=&#8220;3.0.47&#8243;][\/et_pb_wc_rating][et_pb_wc_price _builder_version=&#8220;3.0.47&#8243;][\/et_pb_wc_price][et_pb_wc_description _builder_version=&#8220;3.0.47&#8243;][\/et_pb_wc_description][et_pb_wc_add_to_cart _builder_version=&#8220;3.0.47&#8243;][\/et_pb_wc_add_to_cart][et_pb_wc_meta _builder_version=&#8220;3.0.47&#8243;][\/et_pb_wc_meta][\/et_pb_column][\/et_pb_row][et_pb_row _builder_version=&#8220;3.25&#8243; background_size=&#8220;initial&#8220; background_position=&#8220;top_left&#8220; background_repeat=&#8220;repeat&#8220; width=&#8220;100%&#8220;][et_pb_column type=&#8220;4_4&#8243; _builder_version=&#8220;3.25&#8243; custom_padding=&#8220;|||&#8220; custom_padding__hover=&#8220;|||&#8220;][et_pb_wc_tabs _builder_version=&#8220;3.0.47&#8243;]\t\t\t\t\t[\/et_pb_wc_tabs][et_pb_wc_upsells _builder_version=&#8220;3.0.47&#8243;][\/et_pb_wc_upsells][et_pb_wc_related_products _builder_version=&#8220;3.0.47&#8243;][\/et_pb_wc_related_products][\/et_pb_column][\/et_pb_row][\/et_pb_section]<\/p>\n","protected":false},"excerpt":{"rendered":"<p><strong>Teil 2: Der weise Hirsch &#8211; Traudl von Milz<\/strong><\/p>\n<p>Diese Buchreihe zum Lesen und Vorlesen f\u00fcr Kinder und Junggebliebene von 3 bis 93 Jahren begleitet den kleinen Bulldog Bubbub auf seiner abenteuerlichen Reise durch die Fantasie- und Menschenwelt.<\/p>\n<p>Spannende Geschichten um die lieben Strullers und ihre Gegenspieler die Gnome, lassen diese Buchreihe zu einem wahren Lesegenuss werden.<\/p>\n","protected":false},"featured_media":818,"comment_status":"open","ping_status":"closed","template":"","meta":{"_et_pb_use_builder":"on","_et_pb_old_content":"Der kleine Bulldog Bubbub geht auf Reisen\r\nDiese Buchreihe zum Lesen und Vorlesen f\u00fcr Kinder im Alter von ca. 3 - 7 Jahren erz\u00e4hlt von den Abenteuern eines kleinen Traktors in der Fantasie- und Menschenwelt. Der kleine Bulldog Bubbub erf\u00e4hrt, dass er einst in Mannheim geboren wurde. Dorthin m\u00f6chte er gelangen und erlebt unterwegs ein Abenteuer nach dem anderen. Gleich zu Beginn trifft er seinen Uropa, einen 12er Lanz-Bulldog, in einer sp\u00e4teren Folge dann die Dreschmaschine Rumpeldibumpel. Spannende Geschichten mit den guten Geistern des Waldes, den Strullers und ihren Gegenspielern, den b\u00f6sartigen Gnomen der S\u00fcmpfe, sowie vielen weiteren tollen Figuren und Gestalten, lassen diese Buchreihe zu einem wahren Lesegenuss werden.\r\nDie Buchreihe hat auf der Frankfurter Buchmesse 1998 eine enorme Beachtung beim Fachpublikum erreicht. Der inzwischen in der Oldtimerszene sehr bekannte und beliebte Interpret Thomas H\u00e4u\u00dfer hat dazu ein, f\u00fcr kleine und gro\u00dfe Kinder, wunderbares Lied komponiert.\r\nDie B\u00fccher sind durchgehend farbig, mit tollen Bildern des Zeichners Norbert Hartmann und sch\u00f6nen Texten der Kinderbuchautorin Traudl von Milz.","_et_gb_content_width":""},"product_brand":[],"product_cat":[28],"product_tag":[],"class_list":{"0":"post-822","1":"product","2":"type-product","3":"status-publish","4":"has-post-thumbnail","6":"product_cat-kinderbuecher","8":"first","9":"instock","10":"shipping-taxable","11":"purchasable","12":"product-type-simple"},"_links":{"self":[{"href":"https:\/\/bulldogpress.de\/index.php?rest_route=\/wp\/v2\/product\/822","targetHints":{"allow":["GET"]}}],"collection":[{"href":"https:\/\/bulldogpress.de\/index.php?rest_route=\/wp\/v2\/product"}],"about":[{"href":"https:\/\/bulldogpress.de\/index.php?rest_route=\/wp\/v2\/types\/product"}],"replies":[{"embeddable":true,"href":"https:\/\/bulldogpress.de\/index.php?rest_route=%2Fwp%2Fv2%2Fcomments&post=822"}],"wp:featuredmedia":[{"embeddable":true,"href":"https:\/\/bulldogpress.de\/index.php?rest_route=\/wp\/v2\/media\/818"}],"wp:attachment":[{"href":"https:\/\/bulldogpress.de\/index.php?rest_route=%2Fwp%2Fv2%2Fmedia&parent=822"}],"wp:term":[{"taxonomy":"product_brand","embeddable":true,"href":"https:\/\/bulldogpress.de\/index.php?rest_route=%2Fwp%2Fv2%2Fproduct_brand&post=822"},{"taxonomy":"product_cat","embeddable":true,"href":"https:\/\/bulldogpress.de\/index.php?rest_route=%2Fwp%2Fv2%2Fproduct_cat&post=822"},{"taxonomy":"product_tag","embeddable":true,"href":"https:\/\/bulldogpress.de\/index.php?rest_route=%2Fwp%2Fv2%2Fproduct_tag&post=822"}],"curies":[{"name":"wp","href":"https:\/\/api.w.org\/{rel}","templated":true}]}}